{"id":32156,"date":"2025-11-07T11:52:44","date_gmt":"2025-11-07T11:52:44","guid":{"rendered":"https:\/\/teknovizyongrup.com\/distance-sales-contract\/"},"modified":"2025-11-09T21:35:04","modified_gmt":"2025-11-09T21:35:04","slug":"distance-sales-contract","status":"publish","type":"page","link":"https:\/\/teknovizyongrup.com\/tr\/distance-sales-contract\/","title":{"rendered":"Mesafeli Sat\u0131\u015f S\u00f6zle\u015fmesi"},"content":{"rendered":"<div class=\"wpb-content-wrapper\"><p>[vc_row][vc_column][vc_column_text css=&#8221;&#8221;]<\/p>\n<p><em>(6502 Say\u0131l\u0131 T\u00fcketicinin Korunmas\u0131 Hakk\u0131nda Kanun kapsam\u0131nda Mesafeli S\u00f6zle\u015fmeler Y\u00f6netmeli\u011fi\u2019ne uygun olarak haz\u0131rlanm\u0131\u015ft\u0131r)<\/em><\/p>\n<h3><strong>1. Taraflar<\/strong><\/h3>\n<p>\u0130\u015fbu Mesafeli Sat\u0131\u015f S\u00f6zle\u015fmesi (\u201cS\u00f6zle\u015fme\u201d), ilgili yasa ve y\u00f6netmeliklere uygun olarak, a\u015fa\u011f\u0131da bilgileri yer alan taraflar aras\u0131nda elektronik ortamda d\u00fczenlenmi\u015ftir.<\/p>\n<p><strong>Sat\u0131c\u0131:<\/strong><br \/>\n<strong>Teknovizyon Grup Elektromekanik \u0130n\u015faat ve D\u0131\u015f Tic. Ltd. \u015eti.<\/strong><br \/>\nAdres: Polat Tower No:1, \u0130\u00e7 Kap\u0131 No:129, Mahmutbey Mah., Ta\u015foca\u011f\u0131 Yolu Cad., Ba\u011fc\u0131lar \/ \u0130stanbul, T\u00fcrkiye<br \/>\nTelefon: +90 507 526 2289<br \/>\nE-posta: <a href=\"mailto:info@teknovizyongrup.com\">info@teknovizyongrup.com<\/a><br \/>\nVergi Dairesi: G\u00fcne\u015fli V.D.<br \/>\nVergi Numaras\u0131: 836 089 8829<\/p>\n<p><strong>Al\u0131c\u0131:<\/strong><br \/>\nSat\u0131c\u0131n\u0131n internet sitesi \u00fczerinden sipari\u015f veren ger\u00e7ek veya t\u00fczel ki\u015fi (bundan sonra \u201cAl\u0131c\u0131\u201d olarak an\u0131lacakt\u0131r).<\/p>\n<hr \/>\n<h3><strong>2. S\u00f6zle\u015fmenin Konusu<\/strong><\/h3>\n<p>\u0130\u015fbu S\u00f6zle\u015fme, 6502 Say\u0131l\u0131 T\u00fcketicinin Korunmas\u0131 Hakk\u0131nda Kanun ve Mesafeli S\u00f6zle\u015fmeler Y\u00f6netmeli\u011fi uyar\u0131nca, Sat\u0131c\u0131ya ait <a href=\"https:\/\/teknovizyongrup.com\/tr\/\" target=\"_blank\" rel=\"noopener\">www.teknovizyongrup.com<\/a> internet sitesi \u00fczerinden elektronik ortamda sipari\u015fi verilen \u00fcr\u00fcnlerin sat\u0131\u015f\u0131 ve teslimi ile taraflar\u0131n hak ve y\u00fck\u00fcml\u00fcl\u00fcklerini d\u00fczenlemektedir.<\/p>\n<hr \/>\n<h3><strong>3. \u00dcr\u00fcn Bilgileri<\/strong><\/h3>\n<p>Mal veya hizmetin t\u00fcr\u00fc, miktar\u0131, modeli, rengi ve t\u00fcm temel \u00f6zellikleri ile sat\u0131\u015f bedeli internet sitesinde belirtilmektedir. Al\u0131c\u0131, sipari\u015fini tamamlamadan \u00f6nce bu bilgileri onaylar.<\/p>\n<hr \/>\n<h3><strong>4. Sipari\u015f ve \u00d6deme<\/strong><\/h3>\n<ul>\n<li>Sipari\u015fler, Sat\u0131c\u0131n\u0131n internet sitesi \u00fczerinden verilmekte olup \u00f6demeler g\u00fcvenli <strong>\u0130yzico \u00d6deme Altyap\u0131s\u0131<\/strong> arac\u0131l\u0131\u011f\u0131yla yap\u0131l\u0131r.<\/li>\n<li>Kabul edilen \u00f6deme y\u00f6ntemleri; kredi kart\u0131, banka kart\u0131 ve \u0130yzico taraf\u0131ndan sunulan di\u011fer \u00f6deme se\u00e7enekleridir.<\/li>\n<li>\u00d6deme onayland\u0131ktan sonra sipari\u015f onay\u0131 ve fatura Al\u0131c\u0131n\u0131n kay\u0131tl\u0131 e-posta adresine g\u00f6nderilir.<\/li>\n<\/ul>\n<hr \/>\n<h3><strong>5. Teslimat Ko\u015fullar\u0131<\/strong><\/h3>\n<ul>\n<li>\u00dcr\u00fcnler, sipari\u015f tarihinden itibaren \u00fcr\u00fcn sayfas\u0131nda belirtilen s\u00fcre i\u00e7erisinde, en ge\u00e7 <strong>30 g\u00fcn<\/strong> i\u00e7inde Al\u0131c\u0131n\u0131n adresine teslim edilir.<\/li>\n<li>Teslimat, Sat\u0131c\u0131n\u0131n anla\u015fmal\u0131 oldu\u011fu kargo firmalar\u0131 arac\u0131l\u0131\u011f\u0131yla yap\u0131l\u0131r.<\/li>\n<li>Varsa kargo \u00fccretleri \u00f6deme s\u0131ras\u0131nda Al\u0131c\u0131ya bildirilir.<\/li>\n<li>M\u00fccbir sebepler, do\u011fal afetler veya kargo kaynakl\u0131 gecikmelerden Sat\u0131c\u0131 sorumlu de\u011fildir.<\/li>\n<\/ul>\n<hr \/>\n<h3><strong>6. Cayma Hakk\u0131<\/strong><\/h3>\n<ul>\n<li>Al\u0131c\u0131, \u00fcr\u00fcn\u00fc teslim ald\u0131\u011f\u0131 tarihten itibaren <strong>14 g\u00fcn<\/strong> i\u00e7inde herhangi bir gerek\u00e7e g\u00f6stermeksizin ve cezai \u015fart \u00f6demeksizin s\u00f6zle\u015fmeden cayma hakk\u0131na sahiptir.<\/li>\n<li>Bu hakk\u0131n kullan\u0131lmas\u0131 i\u00e7in, cayma s\u00fcresi dolmadan \u00f6nce Sat\u0131c\u0131ya e-posta (<a href=\"mailto:info@teknovizyongrup.com\">info@teknovizyongrup.com<\/a>) yoluyla bildirim yap\u0131lmas\u0131 gerekir.<\/li>\n<li>\u0130ade edilecek \u00fcr\u00fcn <strong>kullan\u0131lmam\u0131\u015f, hasars\u0131z ve orijinal ambalaj\u0131nda<\/strong> olmal\u0131d\u0131r.<\/li>\n<li>Elektronik bile\u015fenler ve piller i\u00e7in iade yaln\u0131zca \u00fcr\u00fcn ar\u0131zal\u0131 veya hatal\u0131 g\u00f6nderildiyse kabul edilir.<\/li>\n<li>\u0130ade kargo \u00fccretleri, \u00fcr\u00fcn\u00fcn hatal\u0131 veya yanl\u0131\u015f g\u00f6nderilmesi durumu haricinde Al\u0131c\u0131ya aittir.<\/li>\n<\/ul>\n<hr \/>\n<h3><strong>7. Cayma Hakk\u0131n\u0131n Kullan\u0131lamad\u0131\u011f\u0131 \u00dcr\u00fcnler<\/strong><\/h3>\n<p>A\u015fa\u011f\u0131daki durumlarda cayma hakk\u0131 kullan\u0131lamaz:<\/p>\n<ul>\n<li>Al\u0131c\u0131n\u0131n \u00f6zel istekleri do\u011frultusunda \u00fcretilen veya ki\u015fiye \u00f6zel hale getirilen \u00fcr\u00fcnlerde,<\/li>\n<li>\u00c7abuk bozulma ihtimali olan veya son kullanma tarihi ge\u00e7ebilecek \u00fcr\u00fcnlerde,<\/li>\n<li>Ambalaj\u0131 a\u00e7\u0131lm\u0131\u015f olan sa\u011fl\u0131k ve hijyen a\u00e7\u0131s\u0131ndan uygun olmayan \u00fcr\u00fcnlerde,<\/li>\n<li>Ba\u011flant\u0131s\u0131 yap\u0131lm\u0131\u015f, kurulumu ger\u00e7ekle\u015ftirilmi\u015f veya test edilmi\u015f elektronik bile\u015fenler ve pillerde.<\/li>\n<\/ul>\n<hr \/>\n<h3><strong>8. \u0130ade ve Geri \u00d6deme Ko\u015fullar\u0131<\/strong><\/h3>\n<ul>\n<li>\u0130ade edilen \u00fcr\u00fcn Sat\u0131c\u0131ya ula\u015ft\u0131ktan ve incelendikten sonra, \u00f6demenin iadesi <strong>10 i\u015f g\u00fcn\u00fc<\/strong> i\u00e7inde, sat\u0131n alma s\u0131ras\u0131nda kullan\u0131lan ayn\u0131 \u00f6deme y\u00f6ntemiyle yap\u0131l\u0131r.<\/li>\n<li>\u0130ade s\u00fcresi, \u00f6deme kurulu\u015fu veya bankaya ba\u011fl\u0131 olarak de\u011fi\u015fiklik g\u00f6sterebilir.<\/li>\n<\/ul>\n<hr \/>\n<h3><strong>9. Garanti ve Sorumluluk<\/strong><\/h3>\n<ul>\n<li>T\u00fcm \u00fcr\u00fcnler, T\u00fcrk T\u00fcketici Koruma Kanunu kapsam\u0131nda garanti alt\u0131ndad\u0131r.<\/li>\n<li>Sat\u0131c\u0131, Al\u0131c\u0131 taraf\u0131ndan yap\u0131lan hatal\u0131 kullan\u0131m, yetkisiz m\u00fcdahale veya de\u011fi\u015fikliklerden kaynaklanan zararlardan sorumlu tutulamaz.<\/li>\n<\/ul>\n<hr \/>\n<h3><strong>10. Uyu\u015fmazl\u0131klar\u0131n \u00c7\u00f6z\u00fcm\u00fc<\/strong><\/h3>\n<p>Taraflar aras\u0131nda ortaya \u00e7\u0131kabilecek uyu\u015fmazl\u0131klarda, Al\u0131c\u0131 veya Sat\u0131c\u0131n\u0131n bulundu\u011fu yerdeki <strong>T\u00fcketici Hakem Heyeti<\/strong> veya <strong>T\u00fcketici Mahkemeleri<\/strong> yetkilidir. Yetkili merciler, Ticaret Bakanl\u0131\u011f\u0131 taraf\u0131ndan her y\u0131l belirlenen parasal s\u0131n\u0131rlar d\u00e2hilinde de\u011ferlendirme yapar.<\/p>\n<hr \/>\n<h3><strong>11. \u0130leti\u015fim ve Bildirim<\/strong><\/h3>\n<p>Bu S\u00f6zle\u015fme ile ilgili t\u00fcm bildirimler, Al\u0131c\u0131 taraf\u0131ndan sat\u0131n alma i\u015flemi s\u0131ras\u0131nda bildirilen ileti\u015fim bilgileri \u00fczerinden yap\u0131lacakt\u0131r. Al\u0131c\u0131, kay\u0131tl\u0131 e-posta adresi ve telefon numaras\u0131n\u0131n sipari\u015fe ili\u015fkin bilgilendirmelerde kullan\u0131lmas\u0131n\u0131 kabul eder.<\/p>\n<hr \/>\n<h3><strong>12. Y\u00fcr\u00fcrl\u00fck<\/strong><\/h3>\n<p>Al\u0131c\u0131, elektronik ortamda sipari\u015f i\u015flemini tamamlayarak ve onaylayarak bu S\u00f6zle\u015fme h\u00fck\u00fcmlerini kabul etmi\u015f say\u0131l\u0131r. \u0130\u015fbu S\u00f6zle\u015fme, elektronik onay an\u0131nda y\u00fcr\u00fcrl\u00fc\u011fe girer.<\/p>\n<hr \/>\n<p><strong>Sat\u0131c\u0131:<\/strong><br \/>\n<strong>Teknovizyon Grup Elektromekanik \u0130n\u015faat ve D\u0131\u015f Tic. Ltd. \u015eti.<\/strong><\/p>\n<p><strong>Al\u0131c\u0131:<\/strong><br \/>\n(Sipari\u015f onay\u0131 ile elektronik ortamda kabul edilmi\u015ftir)<\/p>\n<p>[\/vc_column_text][\/vc_column][\/vc_row]<\/p>\n<\/div>","protected":false},"excerpt":{"rendered":"<p>[vc_row][vc_column][vc_column_text css=&#8221;&#8221;] (6502 Say\u0131l\u0131 T\u00fcketicinin Korunmas\u0131 Hakk\u0131nda Kanun kapsam\u0131nda Mesafeli S\u00f6zle\u015fmeler Y\u00f6netmeli\u011fi\u2019ne uygun olarak haz\u0131rlanm\u0131\u015ft\u0131r) 1. Taraflar \u0130\u015fbu Mesafeli Sat\u0131\u015f<\/p>\n","protected":false},"author":1,"featured_media":0,"parent":0,"menu_order":0,"comment_status":"closed","ping_status":"closed","template":"","meta":{"footnotes":""},"class_list":["post-32156","page","type-page","status-publish","hentry"],"_links":{"self":[{"href":"https:\/\/teknovizyongrup.com\/tr\/wp-json\/wp\/v2\/pages\/32156","targetHints":{"allow":["GET"]}}],"collection":[{"href":"https:\/\/teknovizyongrup.com\/tr\/wp-json\/wp\/v2\/pages"}],"about":[{"href":"https:\/\/teknovizyongrup.com\/tr\/wp-json\/wp\/v2\/types\/page"}],"author":[{"embeddable":true,"href":"https:\/\/teknovizyongrup.com\/tr\/wp-json\/wp\/v2\/users\/1"}],"replies":[{"embeddable":true,"href":"https:\/\/teknovizyongrup.com\/tr\/wp-json\/wp\/v2\/comments?post=32156"}],"version-history":[{"count":3,"href":"https:\/\/teknovizyongrup.com\/tr\/wp-json\/wp\/v2\/pages\/32156\/revisions"}],"predecessor-version":[{"id":32192,"href":"https:\/\/teknovizyongrup.com\/tr\/wp-json\/wp\/v2\/pages\/32156\/revisions\/32192"}],"wp:attachment":[{"href":"https:\/\/teknovizyongrup.com\/tr\/wp-json\/wp\/v2\/media?parent=32156"}],"curies":[{"name":"wp","href":"https:\/\/api.w.org\/{rel}","templated":true}]}}